{"id":1999,"date":"2025-02-04T13:42:35","date_gmt":"2025-02-04T13:42:35","guid":{"rendered":"https:\/\/corporate.trendyfoods.com\/?page_id=1999"},"modified":"2025-02-04T13:44:54","modified_gmt":"2025-02-04T13:44:54","slug":"application-lux","status":"publish","type":"page","link":"https:\/\/corporate.trendyfoods.com\/nl\/application-lux\/","title":{"rendered":"Candidature Luxembourg"},"content":{"rendered":"\t\t<div data-elementor-type=\"wp-page\" data-elementor-id=\"1999\" class=\"elementor elementor-1999\" data-elementor-post-type=\"page\">\n\t\t\t\t\t\t<section class=\"elementor-section elementor-top-section elementor-element elementor-element-66b7e4cb elementor-section-boxed elementor-section-height-default elementor-section-height-default\" data-id=\"66b7e4cb\" data-element_type=\"section\" data-e-type=\"section\">\n\t\t\t\t\t\t\t<div class=\"elementor-background-overlay\"><\/div>\n\t\t\t\t\t\t\t<div class=\"elementor-container elementor-column-gap-default\">\n\t\t\t\t\t<div class=\"elementor-column elementor-col-100 elementor-top-column elementor-element elementor-element-28a66423\" data-id=\"28a66423\" data-element_type=\"column\" data-e-type=\"column\" data-settings=\"{&quot;background_background&quot;:&quot;classic&quot;}\">\n\t\t\t<div class=\"elementor-widget-wrap elementor-element-populated\">\n\t\t\t\t\t\t<div class=\"elementor-element elementor-element-10a6e1df elementor-widget elementor-widget-jkit_animated_text\" data-id=\"10a6e1df\" data-element_type=\"widget\" data-e-type=\"widget\" data-settings=\"{&quot;jc_floating_fx_translate_y&quot;:{&quot;unit&quot;:&quot;px&quot;,&quot;size&quot;:&quot;&quot;,&quot;sizes&quot;:[]}}\" data-widget_type=\"jkit_animated_text.default\">\n\t\t\t\t<div class=\"elementor-widget-container\">\n\t\t\t\t\t<div  class=\"jeg-elementor-kit jkit-animated-text jeg_module___69f605ca9860f\"  data-style=\"highlighted\" data-text=\"Candidature\" data-shape=\"underline\"><h1 class=\"animated-text\"><span class=\"normal-text style-color\"><\/span><span class=\"dynamic-wrapper style-color\"><span class=\"dynamic-text\">Candidature<\/span><svg xmlns=\"http:\/\/www.w3.org\/2000\/svg\" viewBox=\"0 0 500 150\" preserveAspectRatio=\"none\"><path class=\"style-color\"  d=\"M3,77.5s200.54-11,493,0\" transform=\"translate(-2.75 -68.11)\"\/><\/svg><\/span><span class=\"normal-text style-color\"><\/span><\/h1><\/div>\t\t\t\t<\/div>\n\t\t\t\t<\/div>\n\t\t\t\t<div class=\"elementor-element elementor-element-46eeb67a elementor-widget__width-initial elementor-widget-mobile__width-inherit elementor-widget elementor-widget-text-editor\" data-id=\"46eeb67a\" data-element_type=\"widget\" data-e-type=\"widget\" data-settings=\"{&quot;jc_floating_fx_translate_y&quot;:{&quot;unit&quot;:&quot;px&quot;,&quot;size&quot;:&quot;&quot;,&quot;sizes&quot;:[]}}\" data-widget_type=\"text-editor.default\">\n\t\t\t\t<div class=\"elementor-widget-container\">\n\t\t\t\t\t\t\t\t\t<p>Nous vous remercions pour votre int\u00e9r\u00eat vis-\u00e0-vis de notre entreprise. Afin de valider votre candidature, nous vous invitons \u00e0 compl\u00e9ter le formulaire ci-dessous.<\/p>\t\t\t\t\t\t\t\t<\/div>\n\t\t\t\t<\/div>\n\t\t\t\t\t<\/div>\n\t\t<\/div>\n\t\t\t\t\t<\/div>\n\t\t<\/section>\n\t\t\t\t<section class=\"elementor-section elementor-top-section elementor-element elementor-element-74c4af31 elementor-section-boxed elementor-section-height-default elementor-section-height-default\" data-id=\"74c4af31\" data-element_type=\"section\" data-e-type=\"section\" data-settings=\"{&quot;background_background&quot;:&quot;classic&quot;}\">\n\t\t\t\t\t\t<div class=\"elementor-container elementor-column-gap-default\">\n\t\t\t\t\t<div class=\"elementor-column elementor-col-100 elementor-top-column elementor-element elementor-element-43d5a53\" data-id=\"43d5a53\" data-element_type=\"column\" data-e-type=\"column\" data-settings=\"{&quot;background_background&quot;:&quot;classic&quot;}\">\n\t\t\t<div class=\"elementor-widget-wrap elementor-element-populated\">\n\t\t\t\t\t\t<div class=\"elementor-element elementor-element-635267c elementor-widget elementor-widget-heading\" data-id=\"635267c\" data-element_type=\"widget\" data-e-type=\"widget\" data-settings=\"{&quot;jc_floating_fx_translate_y&quot;:{&quot;unit&quot;:&quot;px&quot;,&quot;size&quot;:&quot;&quot;,&quot;sizes&quot;:[]}}\" data-widget_type=\"heading.default\">\n\t\t\t\t<div class=\"elementor-widget-container\">\n\t\t\t\t\t<h2 class=\"elementor-heading-title elementor-size-default\">Compl\u00e9tez le formulaire ci-dessous :<\/h2>\t\t\t\t<\/div>\n\t\t\t\t<\/div>\n\t\t\t\t<div class=\"elementor-element elementor-element-d446843 elementor-button-align-stretch elementor-widget elementor-widget-global elementor-global-2001 elementor-widget-form\" data-id=\"d446843\" data-element_type=\"widget\" data-e-type=\"widget\" data-settings=\"{&quot;step_next_label&quot;:&quot;Suivant&quot;,&quot;step_previous_label&quot;:&quot;Pr\\u00e9c\\u00e9dent&quot;,&quot;button_width&quot;:&quot;100&quot;,&quot;step_type&quot;:&quot;number_text&quot;,&quot;step_icon_shape&quot;:&quot;circle&quot;,&quot;jc_floating_fx_translate_y&quot;:{&quot;unit&quot;:&quot;px&quot;,&quot;size&quot;:&quot;&quot;,&quot;sizes&quot;:[]}}\" data-widget_type=\"form.default\">\n\t\t\t\t<div class=\"elementor-widget-container\">\n\t\t\t\t\t\t\t<form class=\"elementor-form\" method=\"post\" name=\"Candidature spontann\u00e9e\" aria-label=\"Candidature spontann\u00e9e\">\n\t\t\t<input type=\"hidden\" name=\"post_id\" value=\"1999\"\/>\n\t\t\t<input type=\"hidden\" name=\"form_id\" value=\"d446843\"\/>\n\t\t\t<input type=\"hidden\" name=\"referer_title\" value=\"Trendy Foods\" \/>\n\n\t\t\t\n\t\t\t<div class=\"elementor-form-fields-wrapper elementor-labels-above\">\n\t\t\t\t\t\t\t\t<div class=\"elementor-field-type-text elementor-field-group elementor-column elementor-field-group-name elementor-col-100 elementor-field-required\">\n\t\t\t\t\t\t\t\t\t\t\t\t\t<input size=\"1\" type=\"text\" name=\"form_fields[name]\" id=\"form-field-name\" class=\"elementor-field elementor-size-sm  elementor-field-textual\" placeholder=\"Votre nom complet\" required=\"required\">\n\t\t\t\t\t\t\t\t\t\t\t<\/div>\n\t\t\t\t\t\t\t\t<div class=\"elementor-field-type-email elementor-field-group elementor-column elementor-field-group-email elementor-col-100 elementor-field-required\">\n\t\t\t\t\t\t\t\t\t\t\t\t\t<input size=\"1\" type=\"email\" name=\"form_fields[email]\" id=\"form-field-email\" class=\"elementor-field elementor-size-sm  elementor-field-textual\" placeholder=\"Votre adresse email\" required=\"required\">\n\t\t\t\t\t\t\t\t\t\t\t<\/div>\n\t\t\t\t\t\t\t\t<div class=\"elementor-field-type-tel elementor-field-group elementor-column elementor-field-group-message elementor-col-100 elementor-field-required\">\n\t\t\t\t\t\t\t<input size=\"1\" type=\"tel\" name=\"form_fields[message]\" id=\"form-field-message\" class=\"elementor-field elementor-size-sm  elementor-field-textual\" placeholder=\"Votre num\u00e9ro de t\u00e9l\u00e9phone\" required=\"required\" pattern=\"[0-9()#&amp;+*-=.]+\" title=\"Only numbers and phone characters (#, -, *, etc) are accepted.\">\n\n\t\t\t\t\t\t<\/div>\n\t\t\t\t\t\t\t\t<div class=\"elementor-field-type-text elementor-field-group elementor-column elementor-field-group-field_46eed1f elementor-col-100 elementor-field-required\">\n\t\t\t\t\t\t\t\t\t\t\t\t\t<input size=\"1\" type=\"text\" name=\"form_fields[field_46eed1f]\" id=\"form-field-field_46eed1f\" class=\"elementor-field elementor-size-sm  elementor-field-textual\" placeholder=\"Dites-nous en plus\" required=\"required\">\n\t\t\t\t\t\t\t\t\t\t\t<\/div>\n\t\t\t\t\t\t\t\t<div class=\"elementor-field-type-acceptance elementor-field-group elementor-column elementor-field-group-field_1968a4b elementor-col-100 elementor-field-required\">\n\t\t\t\t\t\t\t<div class=\"elementor-field-subgroup\">\n\t\t\t<span class=\"elementor-field-option\">\n\t\t\t\t<input type=\"checkbox\" name=\"form_fields[field_1968a4b]\" id=\"form-field-field_1968a4b\" class=\"elementor-field elementor-size-sm  elementor-acceptance-field\" required=\"required\">\n\t\t\t\t<label for=\"form-field-field_1968a4b\">Je d\u00e9clare avoir pris connaissance de la D\u00e9claration Vie Priv\u00e9e Trendy Foods en vue du recrutement de personnel*<\/label>\t\t\t<\/span>\n\t\t<\/div>\n\t\t\t\t\t\t<\/div>\n\t\t\t\t\t\t\t\t<div class=\"elementor-field-type-upload elementor-field-group elementor-column elementor-field-group-field_8ff03ba elementor-col-100 elementor-field-required\">\n\t\t\t\t\t\t\t\t\t\t\t\t<label for=\"form-field-field_8ff03ba\" class=\"elementor-field-label\">\n\t\t\t\t\t\t\t\tLaissez-nous votre CV (Word ou PDF)*\t\t\t\t\t\t\t<\/label>\n\t\t\t\t\t\t\t\t<input type=\"file\" name=\"form_fields[field_8ff03ba]\" id=\"form-field-field_8ff03ba\" class=\"elementor-field elementor-size-sm  elementor-upload-field\" required=\"required\" data-maxsize=\"5\" data-maxsize-message=\"This file exceeds the maximum allowed size.\">\n\n\t\t\t\t\t\t<\/div>\n\t\t\t\t\t\t\t\t<div class=\"elementor-field-group elementor-column elementor-field-type-submit elementor-col-100 e-form__buttons\">\n\t\t\t\t\t<button class=\"elementor-button elementor-size-sm\" type=\"submit\">\n\t\t\t\t\t\t<span class=\"elementor-button-content-wrapper\">\n\t\t\t\t\t\t\t\t\t\t\t\t\t\t\t\t\t\t\t\t\t\t<span class=\"elementor-button-text\">Envoyer<\/span>\n\t\t\t\t\t\t\t\t\t\t\t\t\t<\/span>\n\t\t\t\t\t<\/button>\n\t\t\t\t<\/div>\n\t\t\t<\/div>\n\t\t<\/form>\n\t\t\t\t\t\t<\/div>\n\t\t\t\t<\/div>\n\t\t\t\t<div class=\"elementor-element elementor-element-a64790c elementor-widget elementor-widget-button\" data-id=\"a64790c\" data-element_type=\"widget\" data-e-type=\"widget\" data-settings=\"{&quot;jc_floating_fx_translate_y&quot;:{&quot;unit&quot;:&quot;px&quot;,&quot;size&quot;:&quot;&quot;,&quot;sizes&quot;:[]}}\" data-widget_type=\"button.default\">\n\t\t\t\t<div class=\"elementor-widget-container\">\n\t\t\t\t\t\t\t\t\t<div class=\"elementor-button-wrapper\">\n\t\t\t\t\t<a class=\"elementor-button elementor-button-link elementor-size-sm\" href=\"https:\/\/corporate.trendyfoods.com\/privacy-policy-hiring\/\">\n\t\t\t\t\t\t<span class=\"elementor-button-content-wrapper\">\n\t\t\t\t\t\t\t\t\t<span class=\"elementor-button-text\">* D\u00e9claration Vie Priv\u00e9e Trendy Foods en vue du recrutement de personnel<\/span>\n\t\t\t\t\t<\/span>\n\t\t\t\t\t<\/a>\n\t\t\t\t<\/div>\n\t\t\t\t\t\t\t\t<\/div>\n\t\t\t\t<\/div>\n\t\t\t\t\t<\/div>\n\t\t<\/div>\n\t\t\t\t\t<\/div>\n\t\t<\/section>\n\t\t\t\t<section class=\"elementor-section elementor-top-section elementor-element elementor-element-5c791f7 elementor-section-boxed elementor-section-height-default elementor-section-height-default\" data-id=\"5c791f7\" data-element_type=\"section\" data-e-type=\"section\" data-settings=\"{&quot;background_background&quot;:&quot;classic&quot;}\">\n\t\t\t\t\t\t<div class=\"elementor-container elementor-column-gap-default\">\n\t\t\t\t\t<div class=\"elementor-column elementor-col-100 elementor-top-column elementor-element elementor-element-188c238f\" data-id=\"188c238f\" data-element_type=\"column\" data-e-type=\"column\">\n\t\t\t<div class=\"elementor-widget-wrap elementor-element-populated\">\n\t\t\t\t\t\t<div class=\"elementor-element elementor-element-ef30e44 elementor-widget elementor-widget-google_maps\" data-id=\"ef30e44\" data-element_type=\"widget\" data-e-type=\"widget\" data-settings=\"{&quot;jc_floating_fx_translate_y&quot;:{&quot;unit&quot;:&quot;px&quot;,&quot;size&quot;:&quot;&quot;,&quot;sizes&quot;:[]}}\" data-widget_type=\"google_maps.default\">\n\t\t\t\t<div class=\"elementor-widget-container\">\n\t\t\t\t\t\t\t<div class=\"elementor-custom-embed\">\n\t\t\t<iframe loading=\"lazy\"\n\t\t\t\t\tsrc=\"https:\/\/maps.google.com\/maps?q=Rue%20du%20Fond%20des%20Fourches%2023D&#038;t=m&#038;z=12&#038;output=embed&#038;iwloc=near\"\n\t\t\t\t\ttitle=\"Rue du Fond des Fourches 23D\"\n\t\t\t\t\taria-label=\"Rue du Fond des Fourches 23D\"\n\t\t\t><\/iframe>\n\t\t<\/div>\n\t\t\t\t\t\t<\/div>\n\t\t\t\t<\/div>\n\t\t\t\t\t<\/div>\n\t\t<\/div>\n\t\t\t\t\t<\/div>\n\t\t<\/section>\n\t\t\t\t<\/div>\n\t\t","protected":false},"excerpt":{"rendered":"<p>Candidature Nous vous remercions pour votre int\u00e9r\u00eat vis-\u00e0-vis de notre entreprise. Afin de valider votre candidature, nous vous invitons \u00e0 compl\u00e9ter le formulaire ci-dessous. Compl\u00e9tez le formulaire ci-dessous : * D\u00e9claration Vie Priv\u00e9e Trendy Foods en vue du recrutement de personnel<\/p>","protected":false},"author":1,"featured_media":0,"parent":0,"menu_order":0,"comment_status":"closed","ping_status":"closed","template":"","meta":{"footnotes":""},"class_list":["post-1999","page","type-page","status-publish","hentry"],"yoast_head":"<!-- This site is optimized with the Yoast SEO plugin v27.5 - https:\/\/yoast.com\/product\/yoast-seo-wordpress\/ -->\n<title>Candidature Luxembourg - Trendy Foods<\/title>\n<meta name=\"robots\" content=\"index, follow, max-snippet:-1, max-image-preview:large, max-video-preview:-1\" \/>\n<link rel=\"canonical\" href=\"https:\/\/corporate.trendyfoods.com\/nl\/application-lux\/\" \/>\n<meta property=\"og:locale\" content=\"nl_BE\" \/>\n<meta property=\"og:type\" content=\"article\" \/>\n<meta property=\"og:title\" content=\"Candidature Luxembourg - Trendy Foods\" \/>\n<meta property=\"og:description\" content=\"Candidature Nous vous remercions pour votre int\u00e9r\u00eat vis-\u00e0-vis de notre entreprise. Afin de valider votre candidature, nous vous invitons \u00e0 compl\u00e9ter le formulaire ci-dessous. Compl\u00e9tez le formulaire ci-dessous : * D\u00e9claration Vie Priv\u00e9e Trendy Foods en vue du recrutement de personnel\" \/>\n<meta property=\"og:url\" content=\"https:\/\/corporate.trendyfoods.com\/nl\/application-lux\/\" \/>\n<meta property=\"og:site_name\" content=\"Trendy Foods\" \/>\n<meta property=\"article:publisher\" content=\"https:\/\/www.facebook.com\/trendyfoodsbe\" \/>\n<meta property=\"article:modified_time\" content=\"2025-02-04T13:44:54+00:00\" \/>\n<meta name=\"twitter:card\" content=\"summary_large_image\" \/>\n<meta name=\"twitter:label1\" content=\"Geschatte leestijd\" \/>\n\t<meta name=\"twitter:data1\" content=\"1 minuut\" \/>\n<script type=\"application\/ld+json\" class=\"yoast-schema-graph\">{\"@context\":\"https:\\\/\\\/schema.org\",\"@graph\":[{\"@type\":\"WebPage\",\"@id\":\"https:\\\/\\\/corporate.trendyfoods.com\\\/application-lux\\\/\",\"url\":\"https:\\\/\\\/corporate.trendyfoods.com\\\/application-lux\\\/\",\"name\":\"Candidature Luxembourg - Trendy Foods\",\"isPartOf\":{\"@id\":\"https:\\\/\\\/corporate.trendyfoods.com\\\/#website\"},\"datePublished\":\"2025-02-04T13:42:35+00:00\",\"dateModified\":\"2025-02-04T13:44:54+00:00\",\"breadcrumb\":{\"@id\":\"https:\\\/\\\/corporate.trendyfoods.com\\\/application-lux\\\/#breadcrumb\"},\"inLanguage\":\"nl-BE\",\"potentialAction\":[{\"@type\":\"ReadAction\",\"target\":[\"https:\\\/\\\/corporate.trendyfoods.com\\\/application-lux\\\/\"]}]},{\"@type\":\"BreadcrumbList\",\"@id\":\"https:\\\/\\\/corporate.trendyfoods.com\\\/application-lux\\\/#breadcrumb\",\"itemListElement\":[{\"@type\":\"ListItem\",\"position\":1,\"name\":\"Accueil\",\"item\":\"https:\\\/\\\/corporate.trendyfoods.com\\\/\"},{\"@type\":\"ListItem\",\"position\":2,\"name\":\"Candidature Luxembourg\"}]},{\"@type\":\"WebSite\",\"@id\":\"https:\\\/\\\/corporate.trendyfoods.com\\\/#website\",\"url\":\"https:\\\/\\\/corporate.trendyfoods.com\\\/\",\"name\":\"Trendy Foods\",\"description\":\"\u00catre proche pour voir loin\",\"publisher\":{\"@id\":\"https:\\\/\\\/corporate.trendyfoods.com\\\/#organization\"},\"potentialAction\":[{\"@type\":\"SearchAction\",\"target\":{\"@type\":\"EntryPoint\",\"urlTemplate\":\"https:\\\/\\\/corporate.trendyfoods.com\\\/?s={search_term_string}\"},\"query-input\":{\"@type\":\"PropertyValueSpecification\",\"valueRequired\":true,\"valueName\":\"search_term_string\"}}],\"inLanguage\":\"nl-BE\"},{\"@type\":\"Organization\",\"@id\":\"https:\\\/\\\/corporate.trendyfoods.com\\\/#organization\",\"name\":\"Trendy Foods\",\"url\":\"https:\\\/\\\/corporate.trendyfoods.com\\\/\",\"logo\":{\"@type\":\"ImageObject\",\"inLanguage\":\"nl-BE\",\"@id\":\"https:\\\/\\\/corporate.trendyfoods.com\\\/#\\\/schema\\\/logo\\\/image\\\/\",\"url\":\"https:\\\/\\\/corporate.trendyfoods.com\\\/wp-content\\\/uploads\\\/2024\\\/12\\\/cropped-cropped-Logo-Trendy_fond-blanc.png\",\"contentUrl\":\"https:\\\/\\\/corporate.trendyfoods.com\\\/wp-content\\\/uploads\\\/2024\\\/12\\\/cropped-cropped-Logo-Trendy_fond-blanc.png\",\"width\":512,\"height\":512,\"caption\":\"Trendy Foods\"},\"image\":{\"@id\":\"https:\\\/\\\/corporate.trendyfoods.com\\\/#\\\/schema\\\/logo\\\/image\\\/\"},\"sameAs\":[\"https:\\\/\\\/www.facebook.com\\\/trendyfoodsbe\",\"https:\\\/\\\/www.instagram.com\\\/trendyfoodsbelux\",\"https:\\\/\\\/www.linkedin.com\\\/company\\\/trendy-foods\"]}]}<\/script>\n<!-- \/ Yoast SEO plugin. -->","yoast_head_json":{"title":"Candidature Luxembourg - Trendy Foods","robots":{"index":"index","follow":"follow","max-snippet":"max-snippet:-1","max-image-preview":"max-image-preview:large","max-video-preview":"max-video-preview:-1"},"canonical":"https:\/\/corporate.trendyfoods.com\/nl\/application-lux\/","og_locale":"nl_BE","og_type":"article","og_title":"Candidature Luxembourg - Trendy Foods","og_description":"Candidature Nous vous remercions pour votre int\u00e9r\u00eat vis-\u00e0-vis de notre entreprise. Afin de valider votre candidature, nous vous invitons \u00e0 compl\u00e9ter le formulaire ci-dessous. Compl\u00e9tez le formulaire ci-dessous : * D\u00e9claration Vie Priv\u00e9e Trendy Foods en vue du recrutement de personnel","og_url":"https:\/\/corporate.trendyfoods.com\/nl\/application-lux\/","og_site_name":"Trendy Foods","article_publisher":"https:\/\/www.facebook.com\/trendyfoodsbe","article_modified_time":"2025-02-04T13:44:54+00:00","twitter_card":"summary_large_image","twitter_misc":{"Geschatte leestijd":"1 minuut"},"schema":{"@context":"https:\/\/schema.org","@graph":[{"@type":"WebPage","@id":"https:\/\/corporate.trendyfoods.com\/application-lux\/","url":"https:\/\/corporate.trendyfoods.com\/application-lux\/","name":"Candidature Luxembourg - Trendy Foods","isPartOf":{"@id":"https:\/\/corporate.trendyfoods.com\/#website"},"datePublished":"2025-02-04T13:42:35+00:00","dateModified":"2025-02-04T13:44:54+00:00","breadcrumb":{"@id":"https:\/\/corporate.trendyfoods.com\/application-lux\/#breadcrumb"},"inLanguage":"nl-BE","potentialAction":[{"@type":"ReadAction","target":["https:\/\/corporate.trendyfoods.com\/application-lux\/"]}]},{"@type":"BreadcrumbList","@id":"https:\/\/corporate.trendyfoods.com\/application-lux\/#breadcrumb","itemListElement":[{"@type":"ListItem","position":1,"name":"Accueil","item":"https:\/\/corporate.trendyfoods.com\/"},{"@type":"ListItem","position":2,"name":"Candidature Luxembourg"}]},{"@type":"WebSite","@id":"https:\/\/corporate.trendyfoods.com\/#website","url":"https:\/\/corporate.trendyfoods.com\/","name":"Trendy Foods","description":"\u00catre proche pour voir loin","publisher":{"@id":"https:\/\/corporate.trendyfoods.com\/#organization"},"potentialAction":[{"@type":"SearchAction","target":{"@type":"EntryPoint","urlTemplate":"https:\/\/corporate.trendyfoods.com\/?s={search_term_string}"},"query-input":{"@type":"PropertyValueSpecification","valueRequired":true,"valueName":"search_term_string"}}],"inLanguage":"nl-BE"},{"@type":"Organization","@id":"https:\/\/corporate.trendyfoods.com\/#organization","name":"Trendy Foods","url":"https:\/\/corporate.trendyfoods.com\/","logo":{"@type":"ImageObject","inLanguage":"nl-BE","@id":"https:\/\/corporate.trendyfoods.com\/#\/schema\/logo\/image\/","url":"https:\/\/corporate.trendyfoods.com\/wp-content\/uploads\/2024\/12\/cropped-cropped-Logo-Trendy_fond-blanc.png","contentUrl":"https:\/\/corporate.trendyfoods.com\/wp-content\/uploads\/2024\/12\/cropped-cropped-Logo-Trendy_fond-blanc.png","width":512,"height":512,"caption":"Trendy Foods"},"image":{"@id":"https:\/\/corporate.trendyfoods.com\/#\/schema\/logo\/image\/"},"sameAs":["https:\/\/www.facebook.com\/trendyfoodsbe","https:\/\/www.instagram.com\/trendyfoodsbelux","https:\/\/www.linkedin.com\/company\/trendy-foods"]}]}},"_links":{"self":[{"href":"https:\/\/corporate.trendyfoods.com\/nl\/wp-json\/wp\/v2\/pages\/1999","targetHints":{"allow":["GET"]}}],"collection":[{"href":"https:\/\/corporate.trendyfoods.com\/nl\/wp-json\/wp\/v2\/pages"}],"about":[{"href":"https:\/\/corporate.trendyfoods.com\/nl\/wp-json\/wp\/v2\/types\/page"}],"author":[{"embeddable":true,"href":"https:\/\/corporate.trendyfoods.com\/nl\/wp-json\/wp\/v2\/users\/1"}],"replies":[{"embeddable":true,"href":"https:\/\/corporate.trendyfoods.com\/nl\/wp-json\/wp\/v2\/comments?post=1999"}],"version-history":[{"count":4,"href":"https:\/\/corporate.trendyfoods.com\/nl\/wp-json\/wp\/v2\/pages\/1999\/revisions"}],"predecessor-version":[{"id":2006,"href":"https:\/\/corporate.trendyfoods.com\/nl\/wp-json\/wp\/v2\/pages\/1999\/revisions\/2006"}],"wp:attachment":[{"href":"https:\/\/corporate.trendyfoods.com\/nl\/wp-json\/wp\/v2\/media?parent=1999"}],"curies":[{"name":"wp","href":"https:\/\/api.w.org\/{rel}","templated":true}]}}